{"id":39,"date":"2018-05-29T23:26:21","date_gmt":"2018-05-29T23:26:21","guid":{"rendered":"http:\/\/eisermann.online\/?page_id=39"},"modified":"2018-05-29T23:26:21","modified_gmt":"2018-05-29T23:26:21","slug":"akupunktur","status":"publish","type":"page","link":"https:\/\/eisermann.de\/?page_id=39","title":{"rendered":"Akupunktur"},"content":{"rendered":"<p>\t\t\t\t<strong>Akupunktur ist Bestandteil der Chinesischen Medizin<\/strong> und wird seit \u00fcber 2000 Jahren zur Behandlung von Befindensst\u00f6rungen und Krankheiten angewandt.<br \/>\nDie Bezeichnung leitet sich von acus (<em>lat. Nadel<\/em>) und pungere (<em>lat. stechen<\/em>) ab. Die Nadelung bestimmter K\u00f6rperpunkte erfolgt speziell auf das Symptom und die K\u00f6rperbeschaffenheit hin. Diese Punkte k\u00f6nnen auch mit Fingerdruck (Akupressur), mit W\u00e4rme (Moxibustion) oder mit Laserstrahl und elektrisch stimuliert werden.<br \/>\nIn der chinesischen Krankheitslehre wird Gesundheit des K\u00f6rpers mit der frei flie\u00dfenden Basisenergie Qi und den im Gleichgewicht befindlichen Yin- und Yang-Kr\u00e4ften verstanden. Der gest\u00f6rte Qi-Flu\u00df und das Kr\u00e4fteungleichgewicht\u00a0f\u00fchren zur Krankheit. Durch Akupunktur werden diese energetischen Disharmonien wieder reguliert.<\/p>\n<p><strong>Die Akupunktur wirkt<\/strong> zentral und lokal. Schmerzlinderung erfolgt \u00fcber die k\u00f6rpereigene Endorphinaussch\u00fcttung; die Wiederbelebung der lokalen Funktion wird \u00fcber die Sauerstoff-anreicherung, sowie den Abbau saurer Stoffwechselprodukte in verspannten oder \u00fcberforderten Geweben angeregt. So kann bei Gelenkarthrose die Abnutzung nicht repariert, aber \u00fcber den reduzierten Schmerz und die verbesserte Durchblutung das Funktionieren erleichtert werden.<br \/>\nDie Selbstheilungskr\u00e4fte des K\u00f6rpers erfahren ganzheitliche St\u00e4rkung.<\/p>\n<p><strong>Die verschiedenen Formen der Akupunktur: <\/strong>die klassische chinesische K\u00f6rperakupunktur mit den Hauptleitbahnpunkten, die franz\u00f6sische Ohrakupunktur nach Nogier, die japanische Sch\u00e4delakupunktur nach Yamamoto und die koreanische Hand-und Fu\u00dfakupunktur Su Jok sind miteinander kombinierbar.<\/p>\n<p><strong>Die Vorbereitung der Akupunktur <\/strong>umfa\u00dft die Befragung und die Untersuchung einschlie\u00dflich Pulstasten und Zungenbetrachtung. Unter diesem ganzheitlichen Konzept wird die individuelle Punkteauswahl getroffen. Es k\u00f6nnen Lokalpunkte an der erkrankten K\u00f6rperregion und\/oder Fernpunkte an Armen und Beinen wirksam sein.<\/p>\n<p><strong>Bei der Akupunkturbehandlung<\/strong> liegt der Patient entspannt, die Akupunkturnadeln werden gesetzt, gegebenfalls stimuliert und eine Zeit lang belassen. Das &#8222;De-Qi&#8220;-Gef\u00fchl wird von Patienten als W\u00e4rmeempfinden, Kribbeln, dumpfes bis ziehendes Gef\u00fchl beschrieben.<\/p>\n<p><strong>Eine Akupunktursitzung<\/strong> dauert zwischen 20 bis 45 Minuten, kann je nach Krankheitsverlauf t\u00e4glich bis 2 x pro Woche durchgef\u00fchrt werden, so da\u00df individuell\u00a06\u201312\u201320 Sitzungen erforderlich sind.<br \/>\nEine Auffrischungsbehandlung kann sinnvoll sein.<\/p>\n<p><strong>Nebenwirkungen<\/strong> treten bei der Akupunktur kaum auf. In manchen F\u00e4llen kann es zu kurzzeitigen Kreislaufreaktionen oder Verschlimmerung der Beschwerden f\u00fchren. Kleine Bluterg\u00fcsse nach dem Entnadeln entlasten den Akupunkturpunkt noch weiterhin.<\/p>\n<p>Infektionen sind bei der Verwendung sterilisierter Nadeln nicht zu bef\u00fcrchten.Weitere Informationen rund um die Akupunktur k\u00f6nnen Sie im Internet unter anderem auf der Homepage <a href=\"http:\/\/www.akupunktur.de\/\">www.akupunktur.de<\/a> finden.<\/p>\n<p><strong>Meine Ausbildung in der Akupunktur<\/strong>:<\/p>\n<p>1990-1991<br \/>\nA-Diplom zur K\u00f6rper- und Ohr-Akupunktur (140 Stunden)<\/p>\n<p>1996<br \/>\njapanische Sch\u00e4del-Akupunktur nach Yamamoto<\/p>\n<p>1997<br \/>\n3-w\u00f6chige Ausbildung an der Universit\u00e4t f\u00fcr Traditionelle Chinesische Medizin (TCM) in Tianjin, VR China<\/p>\n<p>2000<br \/>\nB-Diplom bei der Deutschen Gesellschaft f\u00fcr Akupunktur und Neuraltherapie (DGfAN) (350 Stunden)<\/p>\n<p>1999\u20132001<br \/>\nKoreanische Hand-und Fu\u00dfakupunktur Su Jok, damit seit 2004 Dozentin der DGfAN<\/p>\n<p>2002<br \/>\n3-w\u00f6chige Ausbildung an der Universit\u00e4t f\u00fcr Traditionelle Chinesische Medizin (TCM) in Tianjin, VR China<\/p>\n<p>j\u00e4hrliche Teilnahme an Kongressen und Aufbaukursen der Akupunktur-Gesellschaften<\/p>\n<p><strong>Kosten f\u00fcr Akupunkturleistungen<\/strong><\/p>\n<p>sind bei privatversicherten Patienten Bestandteil der GO\u00c4 und werden f\u00fcr die Schmerzakupunktur voll erstattet.<\/p>\n<p>Die gesetzlichen Krankenkassen erstatten seit 01.01.2007 die Kosten f\u00fcr folgende Krankheiten:<\/p>\n<p><em>-chronischer Lendenwirbels\u00e4ulenschmerz<br \/>\n<\/em><em>-chronischer Schmerz bei Kniegelenkarthrosen<\/em><\/p>\n<p>Als chronisch gelten Beschwerden, wenn sie l\u00e4nger als 6 Monate bestehen und mindestens\u00a0 6 Monate vorbehandelt sind.<\/p>\n<p>Als akupunktierende \u00c4rztin mit abgeschlossener Ausbildung von 350 Stunden bin ich bei der \u00c4rztekammer und den Krankenkassen anerkannt.<\/p>\n<p>Es k\u00f6nnen 10 Sitzungen, bei medizinischer Notwendigkeit eine Erweiterung auf 15 Sitzungen \u00fcber die kassen\u00e4rztliche Versorgung mit einem Intervall von 1 Jahr durchgef\u00fchrt werden.<\/p>\n<p><b>Von der WHO ist die Akupunkturanwendung auch noch f\u00fcr weitere Krankheiten und Schmerzzust\u00e4nde als medizinisch sinnvoll anerkannt, wie z.B.:<\/b><\/p>\n<p>&#8211;<em>chronische Schmerzen am St\u00fctz- und<\/em><em> Bewegungssystem<br \/>\n<\/em><em>-Migr\u00e4ne<br \/>\n<\/em><em>-Spannungskopfschmerz<br \/>\n<\/em><em>-Nacken-Schulter-Schmerzen,<br \/>\n<\/em><em>-Allergien<br \/>\n<\/em><em>-\u00dcbelkeit in der Schwangerschaft<br \/>\n<\/em><em>-Geburtsvorbereitung<br \/>\n<\/em><em>-Schlafst\u00f6rungen<br \/>\n<\/em><em>-Suchtentw\u00f6hnung<br \/>\n<\/em><em>-Hypertonus<br \/>\n<\/em><em>-Reizdarmsyndrom<br \/>\n<\/em><em>-chronischer Husten<\/em><\/p>\n<p>Die Akupunktur-Behandlung in unserer Praxis wird individuell abgestimmt.<br \/>\nDie Behandlungskosten sind privat zu tragen.\t\t<\/p>\n","protected":false},"excerpt":{"rendered":"<p>Akupunktur ist Bestandteil der Chinesischen Medizin und wird seit \u00fcber 2000 Jahren zur Behandlung von Befindensst\u00f6rungen und Krankheiten angewandt. Die Bezeichnung leitet sich von acus (lat. Nadel) und pungere (lat. stechen) ab. Die Nadelung bestimmter K\u00f6rperpunkte erfolgt speziell auf das Symptom und die K\u00f6rperbeschaffenheit hin. Diese Punkte k\u00f6nnen auch mit Fingerdruck (Akupressur), mit W\u00e4rme (Moxibustion) &hellip; <\/p>\n<p class=\"link-more\"><a href=\"https:\/\/eisermann.de\/?page_id=39\" class=\"more-link\"><span class=\"screen-reader-text\">\u201eAkupunktur\u201c<\/span> weiterlesen<\/a><\/p>\n","protected":false},"author":1,"featured_media":0,"parent":0,"menu_order":0,"comment_status":"closed","ping_status":"closed","template":"","meta":{"footnotes":""},"class_list":["post-39","page","type-page","status-publish","hentry"],"_links":{"self":[{"href":"https:\/\/eisermann.de\/index.php?rest_route=\/wp\/v2\/pages\/39","targetHints":{"allow":["GET"]}}],"collection":[{"href":"https:\/\/eisermann.de\/index.php?rest_route=\/wp\/v2\/pages"}],"about":[{"href":"https:\/\/eisermann.de\/index.php?rest_route=\/wp\/v2\/types\/page"}],"author":[{"embeddable":true,"href":"https:\/\/eisermann.de\/index.php?rest_route=\/wp\/v2\/users\/1"}],"replies":[{"embeddable":true,"href":"https:\/\/eisermann.de\/index.php?rest_route=%2Fwp%2Fv2%2Fcomments&post=39"}],"version-history":[{"count":0,"href":"https:\/\/eisermann.de\/index.php?rest_route=\/wp\/v2\/pages\/39\/revisions"}],"wp:attachment":[{"href":"https:\/\/eisermann.de\/index.php?rest_route=%2Fwp%2Fv2%2Fmedia&parent=39"}],"curies":[{"name":"wp","href":"https:\/\/api.w.org\/{rel}","templated":true}]}}