{"id":30,"date":"2018-05-29T23:13:21","date_gmt":"2018-05-29T23:13:21","guid":{"rendered":"http:\/\/eisermann.online\/?page_id=30"},"modified":"2019-04-11T13:17:30","modified_gmt":"2019-04-11T13:17:30","slug":"naturheilverfahren","status":"publish","type":"page","link":"https:\/\/eisermann.de\/?page_id=30","title":{"rendered":"Naturheilverfahren"},"content":{"rendered":"<h6>Warum sind Naturheilverfahren sinnvoll?<\/h6>\n<p>Neben schulmedizinischen Methoden kommen wirkungsvolle nat\u00fcrliche Heilmethoden zum Einsatz.<br \/>\nMit wiederholten Reizen wird das Regulationssystem des Organismus angeregt, seine vorgegebene Funktion wieder optimal auszuf\u00fchren. Dieser Regelkreis funktioniert in jedem Alter und auch bei Organver\u00e4nderungen.<br \/>\nZum Beispiel unterst\u00fctzt das Herz-Kreislauf-Training mit physiothera-peutischen Ma\u00dfnahmen nach einem Herzinfarkt zus\u00e4tzlich zu den verabreichten Medikamenten den Heilerfolg nachhaltig.<br \/>\nWann, in welcher St\u00e4rke und mit welcher vegetativen Reaktion dieser Trainingseffekt beginnt, ist individuell verschieden. Wichtig ist, bei Behandlungen dieser Art Geduld aufzubringen, kleine Schritte anzuerkennen und dem K\u00f6rper seine Reaktionszeiten zu lassen.<\/p>\n<p>In der<strong> Manuellen Medizin <\/strong>kommen weiche Techniken am St\u00fctz- und Bewegungssystem zum Einsatz, um Fehlhaltungen und Fehlbelastungen, die sich vom Kiefergelenk \u00fcber die Wirbels\u00e4ule bis zum Fu\u00df einstellen und verfestigen k\u00f6nnen, zu erkennen, abzubauen und auszugleichen.<br \/>\nDer sichere Stand, die ausgeglichene Haltung und die dynamisch leichte Bewegung sind die Basis f\u00fcr einen gesunden K\u00f6rper, ausgeglichene Gef\u00fchle und einen klaren Geist.<\/p>\n<p><strong>Akupunktur <\/strong>ist eine vorwiegend mit der Nadel ausgef\u00fchrte Therapie, die den K\u00f6rper in seiner Fehlregulation mit stimulierend oder beruhigend gesetzten energetischen Reizen bei der ganzheitlichen Funktionsverbesserung und Symptomlinderung unterst\u00fctzt.<\/p>\n<p><strong>Neuraltherapie <\/strong>ist eine mit Spritzentechnik angewandte lokale Reiztherapie an Schmerzregionen, an Nervenaustrittsstellen und Nervengeflechten, um regulativ an der gest\u00f6rten Stelle und mit zentraler Wirkung zu arbeiten.<\/p>\n<p><strong>Wann muss Schulmedizin sein? <\/strong>Akuterkrankungen, chronische Krank-heiten und bestimmte Erkrankungs-phasen ben\u00f6tigen rein schulmedizinische Therapien, die nach den Erfordernissen der jeweiligen Erkrankung eingesetzt werden.<\/p>\n<p><strong>Anliegen unserer Arbeit: <\/strong>Das ganzheitliche Erfassen jedes individuell ablaufenden Krankheitsbildes und das mit K\u00f6rperarbeit und im Gespr\u00e4ch zu erarbeitende g\u00fcnstigste Heilungskonzept ist Grundanliegen der Praxisarbeit.<br \/>\nDie Naturheilverfahren mit Pflanzenheilkunde, Ern\u00e4hrungsberatung, Hom\u00f6o-pathie, Psychosomatischer Therapie sind dabei ein wesentlicher Bestandteil.<br \/>\nManuelle Medizin mit Weichteil- und Muskeltechniken und Akupunktur nach chinesischen, japanischen, koreanischen und franz\u00f6sischen Methoden bereichern das Konzept.<\/p>\n","protected":false},"excerpt":{"rendered":"<p>Warum sind Naturheilverfahren sinnvoll? Neben schulmedizinischen Methoden kommen wirkungsvolle nat\u00fcrliche Heilmethoden zum Einsatz. Mit wiederholten Reizen wird das Regulationssystem des Organismus angeregt, seine vorgegebene Funktion wieder optimal auszuf\u00fchren. Dieser Regelkreis funktioniert in jedem Alter und auch bei Organver\u00e4nderungen. Zum Beispiel unterst\u00fctzt das Herz-Kreislauf-Training mit physiothera-peutischen Ma\u00dfnahmen nach einem Herzinfarkt zus\u00e4tzlich zu den verabreichten Medikamenten den &hellip; <\/p>\n<p class=\"link-more\"><a href=\"https:\/\/eisermann.de\/?page_id=30\" class=\"more-link\"><span class=\"screen-reader-text\">\u201eNaturheilverfahren\u201c<\/span> weiterlesen<\/a><\/p>\n","protected":false},"author":1,"featured_media":0,"parent":10,"menu_order":0,"comment_status":"closed","ping_status":"closed","template":"","meta":{"footnotes":""},"class_list":["post-30","page","type-page","status-publish","hentry"],"_links":{"self":[{"href":"https:\/\/eisermann.de\/index.php?rest_route=\/wp\/v2\/pages\/30","targetHints":{"allow":["GET"]}}],"collection":[{"href":"https:\/\/eisermann.de\/index.php?rest_route=\/wp\/v2\/pages"}],"about":[{"href":"https:\/\/eisermann.de\/index.php?rest_route=\/wp\/v2\/types\/page"}],"author":[{"embeddable":true,"href":"https:\/\/eisermann.de\/index.php?rest_route=\/wp\/v2\/users\/1"}],"replies":[{"embeddable":true,"href":"https:\/\/eisermann.de\/index.php?rest_route=%2Fwp%2Fv2%2Fcomments&post=30"}],"version-history":[{"count":1,"href":"https:\/\/eisermann.de\/index.php?rest_route=\/wp\/v2\/pages\/30\/revisions"}],"predecessor-version":[{"id":141,"href":"https:\/\/eisermann.de\/index.php?rest_route=\/wp\/v2\/pages\/30\/revisions\/141"}],"up":[{"embeddable":true,"href":"https:\/\/eisermann.de\/index.php?rest_route=\/wp\/v2\/pages\/10"}],"wp:attachment":[{"href":"https:\/\/eisermann.de\/index.php?rest_route=%2Fwp%2Fv2%2Fmedia&parent=30"}],"curies":[{"name":"wp","href":"https:\/\/api.w.org\/{rel}","templated":true}]}}