{"id":10,"date":"2018-05-29T22:49:14","date_gmt":"2018-05-29T22:49:14","guid":{"rendered":"http:\/\/eisermann.online\/?page_id=10"},"modified":"2020-11-25T18:42:50","modified_gmt":"2020-11-25T17:42:50","slug":"startseite","status":"publish","type":"page","link":"https:\/\/eisermann.de\/","title":{"rendered":"Startseite"},"content":{"rendered":"\n<p><\/p>\n\n\n<p><img loading=\"lazy\" decoding=\"async\" class=\"size-full wp-image-5 alignright\" src=\"http:\/\/eisermann.de\/wp-content\/uploads\/2018\/05\/Gingko.bmp\" alt=\"\" width=\"270\" height=\"246\" \/><\/p>\n<hr \/>\n<p>Naturheilverfahren<br \/>Chirotherapie<br \/>Akupunktur<br \/>Hom\u00f6opathie<\/p>\n<p><strong>Dr. med. Petra Eisermann<\/strong><br \/><strong>Fach\u00e4rztin f\u00fcr Physiotherapie<\/strong><\/p>\n<hr \/>\n<p><span style=\"color: #339966;\">Ich habe am 30. Juni 2020 meine Praxis an Frau Dr. med. Annegret Damm \u00fcbergeben und befinde mich nun im Ruhestand.<\/span><\/p>\n<p><span style=\"color: #339966;\">Ich danke Allen, die mich \u00fcber die vielen Jahre begleitet und unterst\u00fctzt haben, ganz herzlich.<\/span><\/p>\n<p><span style=\"color: #339966;\">Informationen zur Praxis von Frau Dr. Damm finden Sie auf der Internetseite<\/span> <span style=\"color: #339966;\"><a style=\"color: #339966;\" href=\"https:\/\/osteopathie-damm.de\">https:\/\/osteopathie-damm.de<\/a>.<br \/>Terminanfragen sind \u00fcber <a style=\"color: #339966;\" href=\"mailto:praxis@osteopathie-damm.de\">praxis@osteopathie-damm.de<\/a> <br \/>oder 030 533 78 71 m\u00f6glich.<\/span><\/p>\n<hr \/>\n<p><span style=\"color: #999999;\">Approbation als \u00c4rztin, Deutschland<\/span><\/p>","protected":false},"excerpt":{"rendered":"<p>NaturheilverfahrenChirotherapieAkupunkturHom\u00f6opathie Dr. med. Petra EisermannFach\u00e4rztin f\u00fcr Physiotherapie Ich habe am 30. Juni 2020 meine Praxis an Frau Dr. med. Annegret Damm \u00fcbergeben und befinde mich nun im Ruhestand. Ich danke Allen, die mich \u00fcber die vielen Jahre begleitet und unterst\u00fctzt haben, ganz herzlich. Informationen zur Praxis von Frau Dr. Damm finden Sie auf der Internetseite &hellip; <\/p>\n<p class=\"link-more\"><a href=\"https:\/\/eisermann.de\/\" class=\"more-link\"><span class=\"screen-reader-text\">\u201eStartseite\u201c<\/span> weiterlesen<\/a><\/p>\n","protected":false},"author":1,"featured_media":0,"parent":0,"menu_order":0,"comment_status":"closed","ping_status":"closed","template":"","meta":{"footnotes":""},"class_list":["post-10","page","type-page","status-publish","hentry"],"_links":{"self":[{"href":"https:\/\/eisermann.de\/index.php?rest_route=\/wp\/v2\/pages\/10","targetHints":{"allow":["GET"]}}],"collection":[{"href":"https:\/\/eisermann.de\/index.php?rest_route=\/wp\/v2\/pages"}],"about":[{"href":"https:\/\/eisermann.de\/index.php?rest_route=\/wp\/v2\/types\/page"}],"author":[{"embeddable":true,"href":"https:\/\/eisermann.de\/index.php?rest_route=\/wp\/v2\/users\/1"}],"replies":[{"embeddable":true,"href":"https:\/\/eisermann.de\/index.php?rest_route=%2Fwp%2Fv2%2Fcomments&post=10"}],"version-history":[{"count":26,"href":"https:\/\/eisermann.de\/index.php?rest_route=\/wp\/v2\/pages\/10\/revisions"}],"predecessor-version":[{"id":216,"href":"https:\/\/eisermann.de\/index.php?rest_route=\/wp\/v2\/pages\/10\/revisions\/216"}],"wp:attachment":[{"href":"https:\/\/eisermann.de\/index.php?rest_route=%2Fwp%2Fv2%2Fmedia&parent=10"}],"curies":[{"name":"wp","href":"https:\/\/api.w.org\/{rel}","templated":true}]}}